{"id":123,"date":"2025-09-18T10:42:34","date_gmt":"2025-09-18T07:42:34","guid":{"rendered":"https:\/\/vst25prwp.okuserveri.com\/?page_id=123"},"modified":"2025-09-26T12:14:13","modified_gmt":"2025-09-26T09:14:13","slug":"elementor-sivu-123","status":"publish","type":"page","link":"https:\/\/vst25prwp.okuserveri.com\/?page_id=123","title":{"rendered":"Elementor Sivu #123"},"content":{"rendered":"\t\t<div data-elementor-type=\"wp-page\" data-elementor-id=\"123\" class=\"elementor elementor-123\">\n\t\t\t\t<div class=\"elementor-element elementor-element-53797c7 e-flex e-con-boxed e-con e-parent\" data-id=\"53797c7\" data-element_type=\"container\" data-settings=\"{&quot;background_background&quot;:&quot;classic&quot;}\">\n\t\t\t\t\t<div class=\"e-con-inner\">\n\t\t\t\t<div class=\"elementor-element elementor-element-6df0060 elementor-widget elementor-widget-heading\" data-id=\"6df0060\" data-element_type=\"widget\" data-widget_type=\"heading.default\">\n\t\t\t\t\t<h1 class=\"elementor-heading-title elementor-size-default\">Palvelumme<\/h1>\t\t\t\t<\/div>\n\t\t\t\t\t<\/div>\n\t\t\t\t<\/div>\n\t\t<div class=\"elementor-element elementor-element-9bf36b8 e-flex e-con-boxed e-con e-parent\" data-id=\"9bf36b8\" data-element_type=\"container\">\n\t\t\t\t\t<div class=\"e-con-inner\">\n\t\t\t\t<div class=\"elementor-element elementor-element-c52de13 elementor-widget elementor-widget-heading\" data-id=\"c52de13\" data-element_type=\"widget\" data-widget_type=\"heading.default\">\n\t\t\t\t\t<h2 class=\"elementor-heading-title elementor-size-default\">Kuvitukset painotuotteisiin<\/h2>\t\t\t\t<\/div>\n\t\t\t\t\t<\/div>\n\t\t\t\t<\/div>\n\t\t<div class=\"elementor-element elementor-element-7387235 e-grid e-con-boxed e-con e-parent\" data-id=\"7387235\" data-element_type=\"container\">\n\t\t\t\t\t<div class=\"e-con-inner\">\n\t\t\t\t<div class=\"elementor-element elementor-element-493a704 elementor-widget elementor-widget-image\" data-id=\"493a704\" data-element_type=\"widget\" data-widget_type=\"image.default\">\n\t\t\t\t\t\t\t\t\t\t\t\t\t\t\t<img fetchpriority=\"high\" decoding=\"async\" width=\"1024\" height=\"1024\" src=\"https:\/\/vst25prwp.okuserveri.com\/wp-content\/uploads\/2025\/09\/Gemini_Generated_Image_eo4lkveo4lkveo4l.png\" class=\"attachment-large size-large wp-image-92\" alt=\"Graafisen suunnittelun tuotteita, mm. kirjoja ja kortteja\" srcset=\"https:\/\/vst25prwp.okuserveri.com\/wp-content\/uploads\/2025\/09\/Gemini_Generated_Image_eo4lkveo4lkveo4l.png 1024w, https:\/\/vst25prwp.okuserveri.com\/wp-content\/uploads\/2025\/09\/Gemini_Generated_Image_eo4lkveo4lkveo4l-300x300.png 300w, https:\/\/vst25prwp.okuserveri.com\/wp-content\/uploads\/2025\/09\/Gemini_Generated_Image_eo4lkveo4lkveo4l-150x150.png 150w, https:\/\/vst25prwp.okuserveri.com\/wp-content\/uploads\/2025\/09\/Gemini_Generated_Image_eo4lkveo4lkveo4l-768x768.png 768w\" sizes=\"(max-width: 1024px) 100vw, 1024px\" \/>\t\t\t\t\t\t\t\t\t\t\t\t\t\t\t<\/div>\n\t\t\t\t<div class=\"elementor-element elementor-element-3c6a389 elementor-widget elementor-widget-text-editor\" data-id=\"3c6a389\" data-element_type=\"widget\" data-widget_type=\"text-editor.default\">\n\t\t\t\t\t\t\t\t\t<p>Vaikka Pikseli &amp; Piirros keskittyy digitaaliseen taiteeseen, he tarjoavat my\u00f6s palvelua painotuotteiden kuvituksiin. T\u00e4m\u00e4 voi sis\u00e4lt\u00e4\u00e4 esimerkiksi julisteiden, lehtien, kirjojen tai pakkausten kuvituksia. Palvelu on ihanteellinen asiakkaille, jotka haluavat tuotteisiinsa tai markkinointimateriaaleihinsa uniikin, k\u00e4sintehdyn piirroksen tai digitaalisen maalauksen, joka erottuu massasta.<\/p>\t\t\t\t\t\t\t\t<\/div>\n\t\t\t\t\t<\/div>\n\t\t\t\t<\/div>\n\t\t<div class=\"elementor-element elementor-element-001d5a7 e-flex e-con-boxed e-con e-parent\" data-id=\"001d5a7\" data-element_type=\"container\">\n\t\t\t\t\t<div class=\"e-con-inner\">\n\t\t\t\t<div class=\"elementor-element elementor-element-ae7b90c elementor-widget-divider--view-line elementor-widget elementor-widget-divider\" data-id=\"ae7b90c\" data-element_type=\"widget\" data-widget_type=\"divider.default\">\n\t\t\t\t\t\t\t<div class=\"elementor-divider\">\n\t\t\t<span class=\"elementor-divider-separator\">\n\t\t\t\t\t\t<\/span>\n\t\t<\/div>\n\t\t\t\t\t\t<\/div>\n\t\t\t\t<div class=\"elementor-element elementor-element-106f067 elementor-widget elementor-widget-heading\" data-id=\"106f067\" data-element_type=\"widget\" data-widget_type=\"heading.default\">\n\t\t\t\t\t<h2 class=\"elementor-heading-title elementor-size-default\">Verkkosivujen visuaalinen her\u00e4tys<\/h2>\t\t\t\t<\/div>\n\t\t\t\t\t<\/div>\n\t\t\t\t<\/div>\n\t\t<div class=\"elementor-element elementor-element-15b877e e-grid e-con-boxed e-con e-parent\" data-id=\"15b877e\" data-element_type=\"container\">\n\t\t\t\t\t<div class=\"e-con-inner\">\n\t\t\t\t<div class=\"elementor-element elementor-element-11eeda5 elementor-widget elementor-widget-text-editor\" data-id=\"11eeda5\" data-element_type=\"widget\" data-widget_type=\"text-editor.default\">\n\t\t\t\t\t\t\t\t\t<p>T\u00e4ss\u00e4 palvelussa Pikseli &amp; Piirros suunnittelee visuaalisen ilmeen asiakkaan verkkosivuille. Palvelu sis\u00e4lt\u00e4\u00e4 verkkosivujen ulkoasun luonnokset, kuvitukset ja graafiset elementit, jotka luovat yhten\u00e4isen ja houkuttelevan k\u00e4ytt\u00f6kokemuksen.<\/p>\t\t\t\t\t\t\t\t<\/div>\n\t\t\t\t<div class=\"elementor-element elementor-element-456a86f elementor-widget elementor-widget-image\" data-id=\"456a86f\" data-element_type=\"widget\" data-widget_type=\"image.default\">\n\t\t\t\t\t\t\t\t\t\t\t\t\t\t\t<img decoding=\"async\" width=\"1024\" height=\"1024\" src=\"https:\/\/vst25prwp.okuserveri.com\/wp-content\/uploads\/2025\/09\/Gemini_Generated_Image_xiff6mxiff6mxiff.png\" class=\"attachment-large size-large wp-image-82\" alt=\"tietokone jolla tehd\u00e4\u00e4n graafista suunnittelua.\" srcset=\"https:\/\/vst25prwp.okuserveri.com\/wp-content\/uploads\/2025\/09\/Gemini_Generated_Image_xiff6mxiff6mxiff.png 1024w, https:\/\/vst25prwp.okuserveri.com\/wp-content\/uploads\/2025\/09\/Gemini_Generated_Image_xiff6mxiff6mxiff-300x300.png 300w, https:\/\/vst25prwp.okuserveri.com\/wp-content\/uploads\/2025\/09\/Gemini_Generated_Image_xiff6mxiff6mxiff-150x150.png 150w, https:\/\/vst25prwp.okuserveri.com\/wp-content\/uploads\/2025\/09\/Gemini_Generated_Image_xiff6mxiff6mxiff-768x768.png 768w\" sizes=\"(max-width: 1024px) 100vw, 1024px\" \/>\t\t\t\t\t\t\t\t\t\t\t\t\t\t\t<\/div>\n\t\t\t\t\t<\/div>\n\t\t\t\t<\/div>\n\t\t<div class=\"elementor-element elementor-element-0d52e6f e-flex e-con-boxed e-con e-parent\" data-id=\"0d52e6f\" data-element_type=\"container\">\n\t\t\t\t\t<div class=\"e-con-inner\">\n\t\t\t\t<div class=\"elementor-element elementor-element-8311d72 elementor-widget-divider--view-line elementor-widget elementor-widget-divider\" data-id=\"8311d72\" data-element_type=\"widget\" data-widget_type=\"divider.default\">\n\t\t\t\t\t\t\t<div class=\"elementor-divider\">\n\t\t\t<span class=\"elementor-divider-separator\">\n\t\t\t\t\t\t<\/span>\n\t\t<\/div>\n\t\t\t\t\t\t<\/div>\n\t\t\t\t<div class=\"elementor-element elementor-element-90d0cb3 elementor-widget elementor-widget-heading\" data-id=\"90d0cb3\" data-element_type=\"widget\" data-widget_type=\"heading.default\">\n\t\t\t\t\t<h2 class=\"elementor-heading-title elementor-size-default\">Digitaalinen mainoskuvitus<\/h2>\t\t\t\t<\/div>\n\t\t\t\t\t<\/div>\n\t\t\t\t<\/div>\n\t\t<div class=\"elementor-element elementor-element-2ddaec4 e-grid e-con-boxed e-con e-parent\" data-id=\"2ddaec4\" data-element_type=\"container\">\n\t\t\t\t\t<div class=\"e-con-inner\">\n\t\t\t\t<div class=\"elementor-element elementor-element-12c5684 elementor-widget elementor-widget-image\" data-id=\"12c5684\" data-element_type=\"widget\" data-widget_type=\"image.default\">\n\t\t\t\t\t\t\t\t\t\t\t\t\t\t\t<img decoding=\"async\" width=\"1024\" height=\"1024\" src=\"https:\/\/vst25prwp.okuserveri.com\/wp-content\/uploads\/2025\/09\/Gemini_Generated_Image_cc4l7icc4l7icc4l.png\" class=\"attachment-large size-large wp-image-83\" alt=\"tietokone jolla tehd\u00e4\u00e4n graafista suunnittelua.\" srcset=\"https:\/\/vst25prwp.okuserveri.com\/wp-content\/uploads\/2025\/09\/Gemini_Generated_Image_cc4l7icc4l7icc4l.png 1024w, https:\/\/vst25prwp.okuserveri.com\/wp-content\/uploads\/2025\/09\/Gemini_Generated_Image_cc4l7icc4l7icc4l-300x300.png 300w, https:\/\/vst25prwp.okuserveri.com\/wp-content\/uploads\/2025\/09\/Gemini_Generated_Image_cc4l7icc4l7icc4l-150x150.png 150w, https:\/\/vst25prwp.okuserveri.com\/wp-content\/uploads\/2025\/09\/Gemini_Generated_Image_cc4l7icc4l7icc4l-768x768.png 768w\" sizes=\"(max-width: 1024px) 100vw, 1024px\" \/>\t\t\t\t\t\t\t\t\t\t\t\t\t\t\t<\/div>\n\t\t\t\t<div class=\"elementor-element elementor-element-6a114c9 elementor-widget elementor-widget-text-editor\" data-id=\"6a114c9\" data-element_type=\"widget\" data-widget_type=\"text-editor.default\">\n\t\t\t\t\t\t\t\t\t<p>T\u00e4m\u00e4 palvelu on r\u00e4\u00e4t\u00e4l\u00f6ity digitaalisiin mainoskampanjoihin. Pikseli &amp; Piirros luo yksil\u00f6llisi\u00e4 kuvituksia ja graafisia mainoksia sosiaalisen median alustoille, kuten Instagramiin ja Facebookiin. Palvelu on omiaan, kun halutaan erottua kilpailijoista massasta ja luoda persoonallinen ilme mainoksille.<\/p>\t\t\t\t\t\t\t\t<\/div>\n\t\t\t\t\t<\/div>\n\t\t\t\t<\/div>\n\t\t<div class=\"elementor-element elementor-element-d9829da e-flex e-con-boxed e-con e-parent\" data-id=\"d9829da\" data-element_type=\"container\">\n\t\t\t\t\t<div class=\"e-con-inner\">\n\t\t\t\t<div class=\"elementor-element elementor-element-f29b3fd elementor-widget-divider--view-line elementor-widget elementor-widget-divider\" data-id=\"f29b3fd\" data-element_type=\"widget\" data-widget_type=\"divider.default\">\n\t\t\t\t\t\t\t<div class=\"elementor-divider\">\n\t\t\t<span class=\"elementor-divider-separator\">\n\t\t\t\t\t\t<\/span>\n\t\t<\/div>\n\t\t\t\t\t\t<\/div>\n\t\t\t\t\t<\/div>\n\t\t\t\t<\/div>\n\t\t<div class=\"elementor-element elementor-element-def9a17 e-flex e-con-boxed e-con e-parent\" data-id=\"def9a17\" data-element_type=\"container\">\n\t\t\t\t\t<div class=\"e-con-inner\">\n\t\t\t\t<div class=\"elementor-element elementor-element-43bb7c3 elementor-widget elementor-widget-heading\" data-id=\"43bb7c3\" data-element_type=\"widget\" data-widget_type=\"heading.default\">\n\t\t\t\t\t<h2 class=\"elementor-heading-title elementor-size-default\">Portfolio-paketti artisteille<\/h2>\t\t\t\t<\/div>\n\t\t\t\t\t<\/div>\n\t\t\t\t<\/div>\n\t\t<div class=\"elementor-element elementor-element-77098a1 e-grid e-con-boxed e-con e-parent\" data-id=\"77098a1\" data-element_type=\"container\">\n\t\t\t\t\t<div class=\"e-con-inner\">\n\t\t\t\t<div class=\"elementor-element elementor-element-f63c64b elementor-widget elementor-widget-text-editor\" data-id=\"f63c64b\" data-element_type=\"widget\" data-widget_type=\"text-editor.default\">\n\t\t\t\t\t\t\t\t\t<p>T\u00e4m\u00e4 on erityispalvelu, joka on suunniteltu kuvataiteilijoille, muusikoille ja muille luoville ammattilaisille. Palveluun sis\u00e4ltyy logon suunnittelun lis\u00e4ksi visuaalinen portfolio tai media-kit, joka esittelee taiteilijan ty\u00f6t edustavalla ja modernilla tavalla.<\/p>\t\t\t\t\t\t\t\t<\/div>\n\t\t\t\t<div class=\"elementor-element elementor-element-e3a6a77 elementor-widget elementor-widget-image\" data-id=\"e3a6a77\" data-element_type=\"widget\" data-widget_type=\"image.default\">\n\t\t\t\t\t\t\t\t\t\t\t\t\t\t\t<img loading=\"lazy\" decoding=\"async\" width=\"1024\" height=\"1024\" src=\"https:\/\/vst25prwp.okuserveri.com\/wp-content\/uploads\/2025\/09\/Gemini_Generated_Image_15g8hb15g8hb15g8.png\" class=\"attachment-large size-large wp-image-87\" alt=\"tietokone jolla tehd\u00e4\u00e4n graafista suunnittelua.\" srcset=\"https:\/\/vst25prwp.okuserveri.com\/wp-content\/uploads\/2025\/09\/Gemini_Generated_Image_15g8hb15g8hb15g8.png 1024w, https:\/\/vst25prwp.okuserveri.com\/wp-content\/uploads\/2025\/09\/Gemini_Generated_Image_15g8hb15g8hb15g8-300x300.png 300w, https:\/\/vst25prwp.okuserveri.com\/wp-content\/uploads\/2025\/09\/Gemini_Generated_Image_15g8hb15g8hb15g8-150x150.png 150w, https:\/\/vst25prwp.okuserveri.com\/wp-content\/uploads\/2025\/09\/Gemini_Generated_Image_15g8hb15g8hb15g8-768x768.png 768w\" sizes=\"(max-width: 1024px) 100vw, 1024px\" \/>\t\t\t\t\t\t\t\t\t\t\t\t\t\t\t<\/div>\n\t\t\t\t\t<\/div>\n\t\t\t\t<\/div>\n\t\t<div class=\"elementor-element elementor-element-f75c260 e-flex e-con-boxed e-con e-parent\" data-id=\"f75c260\" data-element_type=\"container\">\n\t\t\t\t\t<div class=\"e-con-inner\">\n\t\t\t\t<div class=\"elementor-element elementor-element-5572029 elementor-widget-divider--view-line elementor-widget elementor-widget-divider\" data-id=\"5572029\" data-element_type=\"widget\" data-widget_type=\"divider.default\">\n\t\t\t\t\t\t\t<div class=\"elementor-divider\">\n\t\t\t<span class=\"elementor-divider-separator\">\n\t\t\t\t\t\t<\/span>\n\t\t<\/div>\n\t\t\t\t\t\t<\/div>\n\t\t\t\t\t<\/div>\n\t\t\t\t<\/div>\n\t\t<div class=\"elementor-element elementor-element-102c5c3 e-flex e-con-boxed e-con e-parent\" data-id=\"102c5c3\" data-element_type=\"container\">\n\t\t\t\t\t<div class=\"e-con-inner\">\n\t\t\t\t<div class=\"elementor-element elementor-element-a21f005 elementor-widget elementor-widget-heading\" data-id=\"a21f005\" data-element_type=\"widget\" data-widget_type=\"heading.default\">\n\t\t\t\t\t<h2 class=\"elementor-heading-title elementor-size-default\">Sosiaalisen median visuaalinen strategia<\/h2>\t\t\t\t<\/div>\n\t\t\t\t\t<\/div>\n\t\t\t\t<\/div>\n\t\t<div class=\"elementor-element elementor-element-885dfa9 e-grid e-con-boxed e-con e-parent\" data-id=\"885dfa9\" data-element_type=\"container\">\n\t\t\t\t\t<div class=\"e-con-inner\">\n\t\t\t\t<div class=\"elementor-element elementor-element-5d11ca3 elementor-widget elementor-widget-image\" data-id=\"5d11ca3\" data-element_type=\"widget\" data-widget_type=\"image.default\">\n\t\t\t\t\t\t\t\t\t\t\t\t\t\t\t<img loading=\"lazy\" decoding=\"async\" width=\"1024\" height=\"1024\" src=\"https:\/\/vst25prwp.okuserveri.com\/wp-content\/uploads\/2025\/09\/Gemini_Generated_Image_mebus0mebus0mebu.png\" class=\"attachment-large size-large wp-image-93\" alt=\"tietokone jolla tehd\u00e4\u00e4n graafista suunnittelua.\" srcset=\"https:\/\/vst25prwp.okuserveri.com\/wp-content\/uploads\/2025\/09\/Gemini_Generated_Image_mebus0mebus0mebu.png 1024w, https:\/\/vst25prwp.okuserveri.com\/wp-content\/uploads\/2025\/09\/Gemini_Generated_Image_mebus0mebus0mebu-300x300.png 300w, https:\/\/vst25prwp.okuserveri.com\/wp-content\/uploads\/2025\/09\/Gemini_Generated_Image_mebus0mebus0mebu-150x150.png 150w, https:\/\/vst25prwp.okuserveri.com\/wp-content\/uploads\/2025\/09\/Gemini_Generated_Image_mebus0mebus0mebu-768x768.png 768w\" sizes=\"(max-width: 1024px) 100vw, 1024px\" \/>\t\t\t\t\t\t\t\t\t\t\t\t\t\t\t<\/div>\n\t\t\t\t<div class=\"elementor-element elementor-element-556dda8 elementor-widget elementor-widget-text-editor\" data-id=\"556dda8\" data-element_type=\"widget\" data-widget_type=\"text-editor.default\">\n\t\t\t\t\t\t\t\t\t<p>T\u00e4ss\u00e4 palvelussa Pikseli &amp; Piirros ei ainoastaan luo kuvia, vaan auttaa asiakasta kehitt\u00e4m\u00e4\u00e4n kokonaisvaltaisen visuaalisen strategian sosiaalisen median kanaville. Palvelu sis\u00e4lt\u00e4\u00e4 ideointia, sis\u00e4ll\u00f6nsuunnittelua ja visuaalisten ohjeistusten luomista, jotta asiakkaan some-presenssi olisi johdonmukainen, houkutteleva ja tehokas. T\u00e4m\u00e4 on erityisen hy\u00f6dyllinen pienyrityksille, jotka haluavat rakentaa vahvaa online-n\u00e4kyvyytt\u00e4.<\/p>\t\t\t\t\t\t\t\t<\/div>\n\t\t\t\t\t<\/div>\n\t\t\t\t<\/div>\n\t\t\t\t<\/div>\n\t\t","protected":false},"excerpt":{"rendered":"<p>Palvelumme Kuvitukset painotuotteisiin Vaikka Pikseli &amp; Piirros keskittyy digitaaliseen taiteeseen, he tarjoavat my\u00f6s palvelua painotuotteiden kuvituksiin. T\u00e4m\u00e4 voi sis\u00e4lt\u00e4\u00e4 esimerkiksi [&hellip;]<\/p>\n","protected":false},"author":1,"featured_media":0,"parent":0,"menu_order":0,"comment_status":"closed","ping_status":"closed","template":"","meta":{"site-sidebar-layout":"no-sidebar","site-content-layout":"","ast-site-content-layout":"full-width-container","site-content-style":"default","site-sidebar-style":"default","ast-global-header-display":"","ast-banner-title-visibility":"","ast-main-header-display":"","ast-hfb-above-header-display":"","ast-hfb-below-header-display":"","ast-hfb-mobile-header-display":"","site-post-title":"","ast-breadcrumbs-content":"","ast-featured-img":"disabled","footer-sml-layout":"","theme-transparent-header-meta":"","adv-header-id-meta":"","stick-header-meta":"","header-above-stick-meta":"","header-main-stick-meta":"","header-below-stick-meta":"","astra-migrate-meta-layouts":"default","ast-page-background-enabled":"default","ast-page-background-meta":{"desktop":{"background-color":"var(--ast-global-color-5)","background-image":"","background-repeat":"repeat","background-position":"center center","background-size":"auto","background-attachment":"scroll","background-type":"","background-media":"","overlay-type":"","overlay-color":"","overlay-opacity":"","overlay-gradient":""},"tablet":{"background-color":"","background-image":"","background-repeat":"repeat","background-position":"center center","background-size":"auto","background-attachment":"scroll","background-type":"","background-media":"","overlay-type":"","overlay-color":"","overlay-opacity":"","overlay-gradient":""},"mobile":{"background-color":"","background-image":"","background-repeat":"repeat","background-position":"center center","background-size":"auto","background-attachment":"scroll","background-type":"","background-media":"","overlay-type":"","overlay-color":"","overlay-opacity":"","overlay-gradient":""}},"ast-content-background-meta":{"desktop":{"background-color":"var(--ast-global-color-4)","background-image":"","background-repeat":"repeat","background-position":"center center","background-size":"auto","background-attachment":"scroll","background-type":"","background-media":"","overlay-type":"","overlay-color":"","overlay-opacity":"","overlay-gradient":""},"tablet":{"background-color":"var(--ast-global-color-4)","background-image":"","background-repeat":"repeat","background-position":"center center","background-size":"auto","background-attachment":"scroll","background-type":"","background-media":"","overlay-type":"","overlay-color":"","overlay-opacity":"","overlay-gradient":""},"mobile":{"background-color":"var(--ast-global-color-4)","background-image":"","background-repeat":"repeat","background-position":"center center","background-size":"auto","background-attachment":"scroll","background-type":"","background-media":"","overlay-type":"","overlay-color":"","overlay-opacity":"","overlay-gradient":""}},"footnotes":""},"class_list":["post-123","page","type-page","status-publish","hentry"],"yoast_head":"<!-- This site is optimized with the Yoast SEO plugin v25.9 - https:\/\/yoast.com\/wordpress\/plugins\/seo\/ -->\n<title>Elementor Sivu #123 - Pikseli &amp; Piirros<\/title>\n<meta name=\"robots\" content=\"index, follow, max-snippet:-1, max-image-preview:large, max-video-preview:-1\" \/>\n<link rel=\"canonical\" href=\"https:\/\/vst25prwp.okuserveri.com\/?page_id=123\" \/>\n<meta property=\"og:locale\" content=\"fi_FI\" \/>\n<meta property=\"og:type\" content=\"article\" \/>\n<meta property=\"og:title\" content=\"Elementor Sivu #123 - Pikseli &amp; Piirros\" \/>\n<meta property=\"og:description\" content=\"Palvelumme Kuvitukset painotuotteisiin Vaikka Pikseli &amp; Piirros keskittyy digitaaliseen taiteeseen, he tarjoavat my\u00f6s palvelua painotuotteiden kuvituksiin. T\u00e4m\u00e4 voi sis\u00e4lt\u00e4\u00e4 esimerkiksi [&hellip;]\" \/>\n<meta property=\"og:url\" content=\"https:\/\/vst25prwp.okuserveri.com\/?page_id=123\" \/>\n<meta property=\"og:site_name\" content=\"Pikseli &amp; Piirros\" \/>\n<meta property=\"article:modified_time\" content=\"2025-09-26T09:14:13+00:00\" \/>\n<meta property=\"og:image\" content=\"https:\/\/vst25prwp.okuserveri.com\/wp-content\/uploads\/2025\/09\/Gemini_Generated_Image_eo4lkveo4lkveo4l.png\" \/>\n\t<meta property=\"og:image:width\" content=\"1024\" \/>\n\t<meta property=\"og:image:height\" content=\"1024\" \/>\n\t<meta property=\"og:image:type\" content=\"image\/png\" \/>\n<meta name=\"twitter:card\" content=\"summary_large_image\" \/>\n<meta name=\"twitter:label1\" content=\"Arvioitu lukuaika\" \/>\n\t<meta name=\"twitter:data1\" content=\"1 minuutti\" \/>\n<script type=\"application\/ld+json\" class=\"yoast-schema-graph\">{\"@context\":\"https:\/\/schema.org\",\"@graph\":[{\"@type\":\"WebPage\",\"@id\":\"https:\/\/vst25prwp.okuserveri.com\/?page_id=123\",\"url\":\"https:\/\/vst25prwp.okuserveri.com\/?page_id=123\",\"name\":\"Elementor Sivu #123 - Pikseli &amp; Piirros\",\"isPartOf\":{\"@id\":\"https:\/\/vst25prwp.okuserveri.com\/#website\"},\"primaryImageOfPage\":{\"@id\":\"https:\/\/vst25prwp.okuserveri.com\/?page_id=123#primaryimage\"},\"image\":{\"@id\":\"https:\/\/vst25prwp.okuserveri.com\/?page_id=123#primaryimage\"},\"thumbnailUrl\":\"https:\/\/vst25prwp.okuserveri.com\/wp-content\/uploads\/2025\/09\/Gemini_Generated_Image_eo4lkveo4lkveo4l.png\",\"datePublished\":\"2025-09-18T07:42:34+00:00\",\"dateModified\":\"2025-09-26T09:14:13+00:00\",\"breadcrumb\":{\"@id\":\"https:\/\/vst25prwp.okuserveri.com\/?page_id=123#breadcrumb\"},\"inLanguage\":\"fi\",\"potentialAction\":[{\"@type\":\"ReadAction\",\"target\":[\"https:\/\/vst25prwp.okuserveri.com\/?page_id=123\"]}]},{\"@type\":\"ImageObject\",\"inLanguage\":\"fi\",\"@id\":\"https:\/\/vst25prwp.okuserveri.com\/?page_id=123#primaryimage\",\"url\":\"https:\/\/vst25prwp.okuserveri.com\/wp-content\/uploads\/2025\/09\/Gemini_Generated_Image_eo4lkveo4lkveo4l.png\",\"contentUrl\":\"https:\/\/vst25prwp.okuserveri.com\/wp-content\/uploads\/2025\/09\/Gemini_Generated_Image_eo4lkveo4lkveo4l.png\",\"width\":1024,\"height\":1024,\"caption\":\"Graafisen suunnittelun tuotteita, mm. kirjoja ja kortteja\"},{\"@type\":\"BreadcrumbList\",\"@id\":\"https:\/\/vst25prwp.okuserveri.com\/?page_id=123#breadcrumb\",\"itemListElement\":[{\"@type\":\"ListItem\",\"position\":1,\"name\":\"Etusivu\",\"item\":\"https:\/\/vst25prwp.okuserveri.com\/\"},{\"@type\":\"ListItem\",\"position\":2,\"name\":\"Elementor Sivu #123\"}]},{\"@type\":\"WebSite\",\"@id\":\"https:\/\/vst25prwp.okuserveri.com\/#website\",\"url\":\"https:\/\/vst25prwp.okuserveri.com\/\",\"name\":\"Koivu & Kupari puusep\u00e4t\",\"description\":\"\",\"potentialAction\":[{\"@type\":\"SearchAction\",\"target\":{\"@type\":\"EntryPoint\",\"urlTemplate\":\"https:\/\/vst25prwp.okuserveri.com\/?s={search_term_string}\"},\"query-input\":{\"@type\":\"PropertyValueSpecification\",\"valueRequired\":true,\"valueName\":\"search_term_string\"}}],\"inLanguage\":\"fi\"}]}<\/script>\n<!-- \/ Yoast SEO plugin. -->","yoast_head_json":{"title":"Elementor Sivu #123 - Pikseli &amp; Piirros","robots":{"index":"index","follow":"follow","max-snippet":"max-snippet:-1","max-image-preview":"max-image-preview:large","max-video-preview":"max-video-preview:-1"},"canonical":"https:\/\/vst25prwp.okuserveri.com\/?page_id=123","og_locale":"fi_FI","og_type":"article","og_title":"Elementor Sivu #123 - Pikseli &amp; Piirros","og_description":"Palvelumme Kuvitukset painotuotteisiin Vaikka Pikseli &amp; Piirros keskittyy digitaaliseen taiteeseen, he tarjoavat my\u00f6s palvelua painotuotteiden kuvituksiin. T\u00e4m\u00e4 voi sis\u00e4lt\u00e4\u00e4 esimerkiksi [&hellip;]","og_url":"https:\/\/vst25prwp.okuserveri.com\/?page_id=123","og_site_name":"Pikseli &amp; Piirros","article_modified_time":"2025-09-26T09:14:13+00:00","og_image":[{"width":1024,"height":1024,"url":"https:\/\/vst25prwp.okuserveri.com\/wp-content\/uploads\/2025\/09\/Gemini_Generated_Image_eo4lkveo4lkveo4l.png","type":"image\/png"}],"twitter_card":"summary_large_image","twitter_misc":{"Arvioitu lukuaika":"1 minuutti"},"schema":{"@context":"https:\/\/schema.org","@graph":[{"@type":"WebPage","@id":"https:\/\/vst25prwp.okuserveri.com\/?page_id=123","url":"https:\/\/vst25prwp.okuserveri.com\/?page_id=123","name":"Elementor Sivu #123 - Pikseli &amp; Piirros","isPartOf":{"@id":"https:\/\/vst25prwp.okuserveri.com\/#website"},"primaryImageOfPage":{"@id":"https:\/\/vst25prwp.okuserveri.com\/?page_id=123#primaryimage"},"image":{"@id":"https:\/\/vst25prwp.okuserveri.com\/?page_id=123#primaryimage"},"thumbnailUrl":"https:\/\/vst25prwp.okuserveri.com\/wp-content\/uploads\/2025\/09\/Gemini_Generated_Image_eo4lkveo4lkveo4l.png","datePublished":"2025-09-18T07:42:34+00:00","dateModified":"2025-09-26T09:14:13+00:00","breadcrumb":{"@id":"https:\/\/vst25prwp.okuserveri.com\/?page_id=123#breadcrumb"},"inLanguage":"fi","potentialAction":[{"@type":"ReadAction","target":["https:\/\/vst25prwp.okuserveri.com\/?page_id=123"]}]},{"@type":"ImageObject","inLanguage":"fi","@id":"https:\/\/vst25prwp.okuserveri.com\/?page_id=123#primaryimage","url":"https:\/\/vst25prwp.okuserveri.com\/wp-content\/uploads\/2025\/09\/Gemini_Generated_Image_eo4lkveo4lkveo4l.png","contentUrl":"https:\/\/vst25prwp.okuserveri.com\/wp-content\/uploads\/2025\/09\/Gemini_Generated_Image_eo4lkveo4lkveo4l.png","width":1024,"height":1024,"caption":"Graafisen suunnittelun tuotteita, mm. kirjoja ja kortteja"},{"@type":"BreadcrumbList","@id":"https:\/\/vst25prwp.okuserveri.com\/?page_id=123#breadcrumb","itemListElement":[{"@type":"ListItem","position":1,"name":"Etusivu","item":"https:\/\/vst25prwp.okuserveri.com\/"},{"@type":"ListItem","position":2,"name":"Elementor Sivu #123"}]},{"@type":"WebSite","@id":"https:\/\/vst25prwp.okuserveri.com\/#website","url":"https:\/\/vst25prwp.okuserveri.com\/","name":"Koivu & Kupari puusep\u00e4t","description":"","potentialAction":[{"@type":"SearchAction","target":{"@type":"EntryPoint","urlTemplate":"https:\/\/vst25prwp.okuserveri.com\/?s={search_term_string}"},"query-input":{"@type":"PropertyValueSpecification","valueRequired":true,"valueName":"search_term_string"}}],"inLanguage":"fi"}]}},"_links":{"self":[{"href":"https:\/\/vst25prwp.okuserveri.com\/index.php?rest_route=\/wp\/v2\/pages\/123","targetHints":{"allow":["GET"]}}],"collection":[{"href":"https:\/\/vst25prwp.okuserveri.com\/index.php?rest_route=\/wp\/v2\/pages"}],"about":[{"href":"https:\/\/vst25prwp.okuserveri.com\/index.php?rest_route=\/wp\/v2\/types\/page"}],"author":[{"embeddable":true,"href":"https:\/\/vst25prwp.okuserveri.com\/index.php?rest_route=\/wp\/v2\/users\/1"}],"replies":[{"embeddable":true,"href":"https:\/\/vst25prwp.okuserveri.com\/index.php?rest_route=%2Fwp%2Fv2%2Fcomments&post=123"}],"version-history":[{"count":5,"href":"https:\/\/vst25prwp.okuserveri.com\/index.php?rest_route=\/wp\/v2\/pages\/123\/revisions"}],"predecessor-version":[{"id":140,"href":"https:\/\/vst25prwp.okuserveri.com\/index.php?rest_route=\/wp\/v2\/pages\/123\/revisions\/140"}],"wp:attachment":[{"href":"https:\/\/vst25prwp.okuserveri.com\/index.php?rest_route=%2Fwp%2Fv2%2Fmedia&parent=123"}],"curies":[{"name":"wp","href":"https:\/\/api.w.org\/{rel}","templated":true}]}}