{"id":15,"date":"2025-09-04T12:09:26","date_gmt":"2025-09-04T09:09:26","guid":{"rendered":"https:\/\/vst25prwp.okuserveri.com\/?page_id=15"},"modified":"2025-09-10T12:18:33","modified_gmt":"2025-09-10T09:18:33","slug":"etusivu","status":"publish","type":"page","link":"https:\/\/vst25prwp.okuserveri.com\/?page_id=15","title":{"rendered":"Etusivu"},"content":{"rendered":"\t\t<div data-elementor-type=\"wp-page\" data-elementor-id=\"15\" class=\"elementor elementor-15\">\n\t\t\t\t<div class=\"elementor-element elementor-element-bec63a9 e-flex e-con-boxed e-con e-parent\" data-id=\"bec63a9\" data-element_type=\"container\" data-settings=\"{&quot;background_background&quot;:&quot;classic&quot;}\">\n\t\t\t\t\t<div class=\"e-con-inner\">\n\t\t\t\t<div class=\"elementor-element elementor-element-4f05f38 elementor-widget elementor-widget-heading\" data-id=\"4f05f38\" data-element_type=\"widget\" data-widget_type=\"heading.default\">\n\t\t\t\t\t<h1 class=\"elementor-heading-title elementor-size-default\">Koivu &amp; Kupari puusep\u00e4t<\/h1>\t\t\t\t<\/div>\n\t\t\t\t<div class=\"elementor-element elementor-element-94d974e elementor-widget elementor-widget-heading\" data-id=\"94d974e\" data-element_type=\"widget\" data-widget_type=\"heading.default\">\n\t\t\t\t\t<h3 class=\"elementor-heading-title elementor-size-default\"><span style=\"font-weight: 400;white-space: normal;font-size: medium\">K\u00e4sin tehty syd\u00e4mell\u00e4.<\/span><\/h3>\t\t\t\t<\/div>\n\t\t\t\t<div class=\"elementor-element elementor-element-9a1bb2f elementor-align-center elementor-widget elementor-widget-button\" data-id=\"9a1bb2f\" data-element_type=\"widget\" data-widget_type=\"button.default\">\n\t\t\t\t\t\t\t\t\t\t<a class=\"elementor-button elementor-button-link elementor-size-sm\" href=\"#yhteydenotto\">\n\t\t\t\t\t\t<span class=\"elementor-button-content-wrapper\">\n\t\t\t\t\t\t\t\t\t<span class=\"elementor-button-text\">Ota yhteytt\u00e4<\/span>\n\t\t\t\t\t<\/span>\n\t\t\t\t\t<\/a>\n\t\t\t\t\t\t\t\t<\/div>\n\t\t\t\t\t<\/div>\n\t\t\t\t<\/div>\n\t\t<div class=\"elementor-element elementor-element-305ffa5 e-flex e-con-boxed e-con e-parent\" data-id=\"305ffa5\" data-element_type=\"container\" data-settings=\"{&quot;background_background&quot;:&quot;classic&quot;}\">\n\t\t\t\t\t<div class=\"e-con-inner\">\n\t\t\t\t<div class=\"elementor-element elementor-element-ebd683c elementor-widget elementor-widget-heading\" data-id=\"ebd683c\" data-element_type=\"widget\" data-widget_type=\"heading.default\">\n\t\t\t\t\t<h2 class=\"elementor-heading-title elementor-size-default\">Tietoa meist\u00e4 <\/h2>\t\t\t\t<\/div>\n\t\t\t\t<div class=\"elementor-element elementor-element-ebc999d elementor-widget elementor-widget-text-editor\" data-id=\"ebc999d\" data-element_type=\"widget\" data-widget_type=\"text-editor.default\">\n\t\t\t\t\t\t\t\t\t<p>Koivu ja Kupari Puusep\u00e4t on intohimosta puuty\u00f6h\u00f6n syntynyt yritys, joka luo uniikkeja ja kest\u00e4vi\u00e4 kalusteita. Jokainen esine valmistetaan tinkim\u00e4tt\u00f6m\u00e4ll\u00e4 ammattitaidolla ja huolella, alkaen puun valinnasta aina viimeiseen pintak\u00e4sittelyyn. Yhdist\u00e4mme luonnonmateriaalit, kuten koivun l\u00e4mp\u00f6isen s\u00e4vyn ja kuparin ajattoman hehkun, moderniin muotoiluun luodaksemme tuotteita, jotka kest\u00e4v\u00e4t aikaa ja tuovat l\u00e4mp\u00f6\u00e4 kotiisi.<\/p><p>Yrityksen arvolupaus on luoda enemm\u00e4n kuin vain huonekaluja; ne ovat tarinoita, jotka odottavat tulla kerrotuksi. Haluamme, ett\u00e4 tuotteemme heijastavat asiakkaan yksil\u00f6llisyytt\u00e4 ja persoonallisuutta, ja teemme sen panostamalla k\u00e4sin tehtyyn ty\u00f6h\u00f6n. Meid\u00e4n k\u00e4siss\u00e4mme puu her\u00e4\u00e4 eloon, ja kupari antaa sille sielun. Teemme huonekaluja, jotka ovat sek\u00e4 kauniita ett\u00e4 toimivia ja jotka parantavat el\u00e4m\u00e4nlaatuasi.<\/p>\t\t\t\t\t\t\t\t<\/div>\n\t\t\t\t<div class=\"elementor-element elementor-element-5e68446 elementor-widget elementor-widget-heading\" data-id=\"5e68446\" data-element_type=\"widget\" data-widget_type=\"heading.default\">\n\t\t\t\t\t<h2 class=\"elementor-heading-title elementor-size-default\">Palveluitamme<\/h2>\t\t\t\t<\/div>\n\t\t\t\t<div class=\"elementor-element elementor-element-4b16a10 elementor-widget-mobile__width-initial elementor-widget elementor-widget-text-editor\" data-id=\"4b16a10\" data-element_type=\"widget\" data-widget_type=\"text-editor.default\">\n\t\t\t\t\t\t\t\t\t<ul class=\"a\"><li style=\"list-style-type: none;\"><ul class=\"a\"><li>Mittatilauskalusteet<\/li><\/ul><\/li><\/ul><p>Etsitk\u00f6 jotain ainutlaatuista kotiisi? Valmistamme toiveidesi mukaisia huonekaluja ja kalusteratkaisuja, jotka sopivat tilaasi ja tyyliisi t\u00e4ydellisesti. Anna meid\u00e4n toteuttaa visiosi ja luoda kalusteita, jotka ovat paitsi kauniita, my\u00f6s kest\u00e4vi\u00e4 ja k\u00e4yt\u00e4nn\u00f6llisi\u00e4.<\/p><ul class=\"a\"><li style=\"list-style-type: none;\"><ul class=\"a\"><li>Keitti\u00f6remontit<\/li><\/ul><\/li><\/ul><p>Toteutamme keitti\u00f6remontit juuri sinun tarpeidesi ja toiveidesi mukaan. Suunnittelemme ja asennamme kaapistot, tasot ja muut yksityiskohdat ammattitaidolla, tehden keitti\u00f6st\u00e4si sek\u00e4 toimivan ett\u00e4 kauniin. Anna meid\u00e4n luoda keitti\u00f6, jossa on ilo kokata.<\/p><ul class=\"a\"><li style=\"list-style-type: none;\"><ul class=\"a\"><li>Kiintokalusteiden asennus<\/li><\/ul><\/li><\/ul><p>Kiintokalusteiden oikeaoppinen asennus on ratkaisevaa niiden kest\u00e4vyyden ja ulkon\u00e4\u00f6n kannalta. Ammattilaisen avulla s\u00e4\u00e4st\u00e4t aikaa ja varmistat, ett\u00e4 kaikki kaapit, hyllyt ja muut kalusteet asennetaan tukevasti ja suoraan. Luota meihin, kun haluat t\u00e4ydellisen lopputuloksen.<\/p><ul class=\"a\"><li style=\"list-style-type: none;\"><ul class=\"a\"><li>Huonekalujen kunnostus<\/li><\/ul><\/li><\/ul><p>Sen sijaan, ett\u00e4 heitt\u00e4isit vanhat, mutta rakkaat huonekalut pois, harkitse niiden kunnostamista. Huonekalujen kunnostus on ekologinen ja arvokas tapa antaa esineille uusi el\u00e4m\u00e4. Palautamme kalusteiden alkuper\u00e4isen loiston ja teemme niist\u00e4 j\u00e4lleen k\u00e4ytt\u00f6kelpoisia.<\/p><ul class=\"a\"><li style=\"list-style-type: none;\"><ul class=\"a\"><li>3D-luonnokset ja suunnittelu<\/li><\/ul><\/li><\/ul><p>Jotta n\u00e4et unelmiesi keitti\u00f6n tai huonekalun ennen ty\u00f6n aloittamista, teemme yksityiskohtaiset 3D-luonnokset. T\u00e4m\u00e4 visualisointipalvelu auttaa sinua hahmottamaan tilan ja kalusteiden mittasuhteet tarkasti, jolloin lopputulos vastaa t\u00e4ydellisesti odotuksiasi.<\/p>\t\t\t\t\t\t\t\t<\/div>\n\t\t\t\t\t<\/div>\n\t\t\t\t<\/div>\n\t\t<div class=\"elementor-element elementor-element-8184a7c e-flex e-con-boxed e-con e-parent\" data-id=\"8184a7c\" data-element_type=\"container\" id=\"yhteydenotto\" data-settings=\"{&quot;background_background&quot;:&quot;classic&quot;}\">\n\t\t\t\t\t<div class=\"e-con-inner\">\n\t\t\t\t<div class=\"elementor-element elementor-element-d37cd5f elementor-widget elementor-widget-heading\" data-id=\"d37cd5f\" data-element_type=\"widget\" data-widget_type=\"heading.default\">\n\t\t\t\t\t<h2 class=\"elementor-heading-title elementor-size-default\">Ota yhteytt\u00e4<\/h2>\t\t\t\t<\/div>\n\t\t\t\t<div class=\"elementor-element elementor-element-f80bd63 elementor-widget elementor-widget-shortcode\" data-id=\"f80bd63\" data-element_type=\"widget\" data-widget_type=\"shortcode.default\">\n\t\t\t\t\t\t\t<div class=\"elementor-shortcode\"><div class=\"forminator-ui forminator-custom-form forminator-custom-form-44 forminator-design--default  forminator_ajax\" data-forminator-render=\"0\" data-form=\"forminator-module-44\" data-uid=\"6a001a7805fd5\"><br\/><\/div><form\n\t\t\t\tid=\"forminator-module-44\"\n\t\t\t\tclass=\"forminator-ui forminator-custom-form forminator-custom-form-44 forminator-design--default  forminator_ajax\"\n\t\t\t\tmethod=\"post\"\n\t\t\t\tdata-forminator-render=\"0\"\n\t\t\t\tdata-form-id=\"44\"\n\t\t\t\t\n\t\t\t\tdata-design=\"default\"\n\t\t\t\tdata-color-option=\"theme\"\n\t\t\t\t\n\t\t\t\t\n\t\t\t\t\n\t\t\t\tdata-grid=\"open\"\n\t\t\t\t\n\t\t\t\t\n\t\t\t\tstyle=\"display: none;\"\n\t\t\t\t\n\t\t\t\tdata-uid=\"6a001a7805fd5\"\n\t\t\t><div role=\"alert\" aria-live=\"polite\" class=\"forminator-response-message forminator-error\" aria-hidden=\"true\"><\/div><div class=\"forminator-row\"><div id=\"name-1\" class=\"forminator-field-name forminator-col forminator-col-12 \"><div class=\"forminator-field\"><label for=\"forminator-field-name-1_6a001a7805fd5\" id=\"forminator-field-name-1_6a001a7805fd5-label\" class=\"forminator-label\">Nimi<\/label><input type=\"text\" name=\"name-1\" value=\"\" placeholder=\"\" id=\"forminator-field-name-1_6a001a7805fd5\" class=\"forminator-input forminator-name--field\" aria-required=\"false\" \/><\/div><\/div><\/div><div class=\"forminator-row\"><div id=\"email-1\" class=\"forminator-field-email forminator-col forminator-col-12 \"><div class=\"forminator-field\"><label for=\"forminator-field-email-1_6a001a7805fd5\" id=\"forminator-field-email-1_6a001a7805fd5-label\" class=\"forminator-label\">S\u00e4hk\u00f6posti<\/label><input type=\"email\" name=\"email-1\" value=\"\" placeholder=\"\" id=\"forminator-field-email-1_6a001a7805fd5\" class=\"forminator-input forminator-email--field\" data-required=\"\" aria-required=\"false\" \/><\/div><\/div><\/div><div class=\"forminator-row\"><div id=\"textarea-1\" class=\"forminator-field-textarea forminator-col forminator-col-12 \"><div class=\"forminator-field\"><label for=\"forminator-field-textarea-1_6a001a7805fd5\" id=\"forminator-field-textarea-1_6a001a7805fd5-label\" class=\"forminator-label\">Viesti<\/label><textarea name=\"textarea-1\" placeholder=\"\" id=\"forminator-field-textarea-1_6a001a7805fd5\" class=\"forminator-textarea\" rows=\"6\" style=\"min-height:140px;\" ><\/textarea><\/div><\/div><\/div><input type=\"hidden\" name=\"referer_url\" value=\"\" \/><div class=\"forminator-row forminator-row-last\"><div class=\"forminator-col\"><div class=\"forminator-field\"><button class=\"forminator-button forminator-button-submit\">L&auml;het&auml;<\/button><\/div><\/div><\/div><input type=\"hidden\" id=\"forminator_nonce\" name=\"forminator_nonce\" value=\"fb1a47e3e5\" \/><input type=\"hidden\" name=\"_wp_http_referer\" value=\"\/index.php?rest_route=%2Fwp%2Fv2%2Fpages%2F15\" \/><input type=\"hidden\" name=\"form_id\" value=\"44\"><input type=\"hidden\" name=\"page_id\" value=\"15\"><input type=\"hidden\" name=\"form_type\" value=\"default\"><input type=\"hidden\" name=\"current_url\" value=\"https:\/\/vst25prwp.okuserveri.com\/?page_id=15\"><input type=\"hidden\" name=\"render_id\" value=\"0\"><input type=\"hidden\" name=\"action\" value=\"forminator_submit_form_custom-forms\"><\/form><\/div>\n\t\t\t\t\t\t<\/div>\n\t\t\t\t\t<\/div>\n\t\t\t\t<\/div>\n\t\t<div class=\"elementor-element elementor-element-a5f39ab e-flex e-con-boxed e-con e-parent\" data-id=\"a5f39ab\" data-element_type=\"container\" data-settings=\"{&quot;background_background&quot;:&quot;classic&quot;}\">\n\t\t\t\t\t<div class=\"e-con-inner\">\n\t\t\t\t<div class=\"elementor-element elementor-element-803b6ea elementor-widget elementor-widget-heading\" data-id=\"803b6ea\" data-element_type=\"widget\" data-widget_type=\"heading.default\">\n\t\t\t\t\t<h2 class=\"elementor-heading-title elementor-size-default\">Arvosteluita<\/h2>\t\t\t\t<\/div>\n\t\t\t\t<div class=\"elementor-element elementor-element-bb756de elementor-widget elementor-widget-testimonial\" data-id=\"bb756de\" data-element_type=\"widget\" data-widget_type=\"testimonial.default\">\n\t\t\t\t\t\t\t<div class=\"elementor-testimonial-wrapper\">\n\t\t\t\t\t\t\t<div class=\"elementor-testimonial-content\">Olen \u00e4\u00e4rett\u00f6m\u00e4n tyytyv\u00e4inen tilaamaani ruokap\u00f6yt\u00e4\u00e4n. Se on juuri sellainen kuin kuvittelin, ja koivun ja kuparin yhdistelm\u00e4 on t\u00e4ydellinen. Palvelu oli alusta loppuun saakka asiantuntevaa ja yst\u00e4v\u00e4llist\u00e4. Jokainen yksityiskohta on viimeistelty, ja lopputulos on taidonn\u00e4yte.<\/div>\n\t\t\t\n\t\t\t\t\t\t<div class=\"elementor-testimonial-meta\">\n\t\t\t\t<div class=\"elementor-testimonial-meta-inner\">\n\t\t\t\t\t\n\t\t\t\t\t\t\t\t\t\t<div class=\"elementor-testimonial-details\">\n\t\t\t\t\t\t\t\t\t\t\t\t\t\t<div class=\"elementor-testimonial-name\">Joona M\u00e4ki<\/div>\n\t\t\t\t\t\t\t\t\t\t\t\t\t\t\t\t\t\t\t\t\t\t<div class=\"elementor-testimonial-job\">Outokumpu<\/div>\n\t\t\t\t\t\t\t\t\t\t\t\t\t<\/div>\n\t\t\t\t\t\t\t\t\t<\/div>\n\t\t\t<\/div>\n\t\t\t\t\t<\/div>\n\t\t\t\t\t\t<\/div>\n\t\t\t\t<div class=\"elementor-element elementor-element-0e18736 elementor-widget elementor-widget-testimonial\" data-id=\"0e18736\" data-element_type=\"widget\" data-widget_type=\"testimonial.default\">\n\t\t\t\t\t\t\t<div class=\"elementor-testimonial-wrapper\">\n\t\t\t\t\t\t\t<div class=\"elementor-testimonial-content\">Koivu ja Kupari Puusep\u00e4t toteuttivat haaveeni mittatilausty\u00f6n\u00e4 tehdyst\u00e4 kirjahyllyst\u00e4. Ty\u00f6n j\u00e4lki on uskomattoman tarkkaa ja laadukasta, ja hylly on nyt olohuoneemme ehdoton katseenvangitsija. Arvostan erityisesti sit\u00e4, ett\u00e4 he kuuntelivat toiveitani ja tekiv\u00e4t niist\u00e4 totta.<\/div>\n\t\t\t\n\t\t\t\t\t\t<div class=\"elementor-testimonial-meta\">\n\t\t\t\t<div class=\"elementor-testimonial-meta-inner\">\n\t\t\t\t\t\n\t\t\t\t\t\t\t\t\t\t<div class=\"elementor-testimonial-details\">\n\t\t\t\t\t\t\t\t\t\t\t\t\t\t<div class=\"elementor-testimonial-name\">Sari Karvinen<\/div>\n\t\t\t\t\t\t\t\t\t\t\t\t\t\t\t\t\t\t\t\t\t\t<div class=\"elementor-testimonial-job\">Joensuu<\/div>\n\t\t\t\t\t\t\t\t\t\t\t\t\t<\/div>\n\t\t\t\t\t\t\t\t\t<\/div>\n\t\t\t<\/div>\n\t\t\t\t\t<\/div>\n\t\t\t\t\t\t<\/div>\n\t\t\t\t\t<\/div>\n\t\t\t\t<\/div>\n\t\t\t\t<\/div>\n\t\t","protected":false},"excerpt":{"rendered":"<p>Koivu &amp; Kupari puusep\u00e4t K\u00e4sin tehty syd\u00e4mell\u00e4. Ota yhteytt\u00e4 Tietoa meist\u00e4 Koivu ja Kupari Puusep\u00e4t on intohimosta puuty\u00f6h\u00f6n syntynyt yritys, [&hellip;]<\/p>\n","protected":false},"author":1,"featured_media":0,"parent":0,"menu_order":0,"comment_status":"closed","ping_status":"closed","template":"","meta":{"site-sidebar-layout":"no-sidebar","site-content-layout":"","ast-site-content-layout":"full-width-container","site-content-style":"default","site-sidebar-style":"default","ast-global-header-display":"","ast-banner-title-visibility":"","ast-main-header-display":"","ast-hfb-above-header-display":"","ast-hfb-below-header-display":"","ast-hfb-mobile-header-display":"","site-post-title":"","ast-breadcrumbs-content":"","ast-featured-img":"disabled","footer-sml-layout":"","theme-transparent-header-meta":"","adv-header-id-meta":"","stick-header-meta":"","header-above-stick-meta":"","header-main-stick-meta":"","header-below-stick-meta":"","astra-migrate-meta-layouts":"default","ast-page-background-enabled":"default","ast-page-background-meta":{"desktop":{"background-color":"var(--ast-global-color-5)","background-image":"","background-repeat":"repeat","background-position":"center center","background-size":"auto","background-attachment":"scroll","background-type":"","background-media":"","overlay-type":"","overlay-color":"","overlay-opacity":"","overlay-gradient":""},"tablet":{"background-color":"","background-image":"","background-repeat":"repeat","background-position":"center center","background-size":"auto","background-attachment":"scroll","background-type":"","background-media":"","overlay-type":"","overlay-color":"","overlay-opacity":"","overlay-gradient":""},"mobile":{"background-color":"","background-image":"","background-repeat":"repeat","background-position":"center center","background-size":"auto","background-attachment":"scroll","background-type":"","background-media":"","overlay-type":"","overlay-color":"","overlay-opacity":"","overlay-gradient":""}},"ast-content-background-meta":{"desktop":{"background-color":"var(--ast-global-color-4)","background-image":"","background-repeat":"repeat","background-position":"center center","background-size":"auto","background-attachment":"scroll","background-type":"","background-media":"","overlay-type":"","overlay-color":"","overlay-opacity":"","overlay-gradient":""},"tablet":{"background-color":"var(--ast-global-color-4)","background-image":"","background-repeat":"repeat","background-position":"center center","background-size":"auto","background-attachment":"scroll","background-type":"","background-media":"","overlay-type":"","overlay-color":"","overlay-opacity":"","overlay-gradient":""},"mobile":{"background-color":"var(--ast-global-color-4)","background-image":"","background-repeat":"repeat","background-position":"center center","background-size":"auto","background-attachment":"scroll","background-type":"","background-media":"","overlay-type":"","overlay-color":"","overlay-opacity":"","overlay-gradient":""}},"footnotes":""},"class_list":["post-15","page","type-page","status-publish","hentry"],"yoast_head":"<!-- This site is optimized with the Yoast SEO plugin v25.9 - https:\/\/yoast.com\/wordpress\/plugins\/seo\/ -->\n<title>Etusivu - Pikseli &amp; Piirros<\/title>\n<meta name=\"robots\" content=\"index, follow, max-snippet:-1, max-image-preview:large, max-video-preview:-1\" \/>\n<link rel=\"canonical\" href=\"https:\/\/vst25prwp.okuserveri.com\/?page_id=15\" \/>\n<meta property=\"og:locale\" content=\"fi_FI\" \/>\n<meta property=\"og:type\" content=\"article\" \/>\n<meta property=\"og:title\" content=\"Etusivu - Pikseli &amp; Piirros\" \/>\n<meta property=\"og:description\" content=\"Koivu &amp; Kupari puusep\u00e4t K\u00e4sin tehty syd\u00e4mell\u00e4. Ota yhteytt\u00e4 Tietoa meist\u00e4 Koivu ja Kupari Puusep\u00e4t on intohimosta puuty\u00f6h\u00f6n syntynyt yritys, [&hellip;]\" \/>\n<meta property=\"og:url\" content=\"https:\/\/vst25prwp.okuserveri.com\/?page_id=15\" \/>\n<meta property=\"og:site_name\" content=\"Pikseli &amp; Piirros\" \/>\n<meta property=\"article:modified_time\" content=\"2025-09-10T09:18:33+00:00\" \/>\n<meta name=\"twitter:card\" content=\"summary_large_image\" \/>\n<meta name=\"twitter:label1\" content=\"Arvioitu lukuaika\" \/>\n\t<meta name=\"twitter:data1\" content=\"2 minuuttia\" \/>\n<script type=\"application\/ld+json\" class=\"yoast-schema-graph\">{\"@context\":\"https:\/\/schema.org\",\"@graph\":[{\"@type\":\"WebPage\",\"@id\":\"https:\/\/vst25prwp.okuserveri.com\/?page_id=15\",\"url\":\"https:\/\/vst25prwp.okuserveri.com\/?page_id=15\",\"name\":\"Etusivu - Pikseli &amp; Piirros\",\"isPartOf\":{\"@id\":\"https:\/\/vst25prwp.okuserveri.com\/#website\"},\"datePublished\":\"2025-09-04T09:09:26+00:00\",\"dateModified\":\"2025-09-10T09:18:33+00:00\",\"breadcrumb\":{\"@id\":\"https:\/\/vst25prwp.okuserveri.com\/?page_id=15#breadcrumb\"},\"inLanguage\":\"fi\",\"potentialAction\":[{\"@type\":\"ReadAction\",\"target\":[\"https:\/\/vst25prwp.okuserveri.com\/?page_id=15\"]}]},{\"@type\":\"BreadcrumbList\",\"@id\":\"https:\/\/vst25prwp.okuserveri.com\/?page_id=15#breadcrumb\",\"itemListElement\":[{\"@type\":\"ListItem\",\"position\":1,\"name\":\"Etusivu\",\"item\":\"https:\/\/vst25prwp.okuserveri.com\/\"},{\"@type\":\"ListItem\",\"position\":2,\"name\":\"Etusivu\"}]},{\"@type\":\"WebSite\",\"@id\":\"https:\/\/vst25prwp.okuserveri.com\/#website\",\"url\":\"https:\/\/vst25prwp.okuserveri.com\/\",\"name\":\"Koivu & Kupari puusep\u00e4t\",\"description\":\"\",\"potentialAction\":[{\"@type\":\"SearchAction\",\"target\":{\"@type\":\"EntryPoint\",\"urlTemplate\":\"https:\/\/vst25prwp.okuserveri.com\/?s={search_term_string}\"},\"query-input\":{\"@type\":\"PropertyValueSpecification\",\"valueRequired\":true,\"valueName\":\"search_term_string\"}}],\"inLanguage\":\"fi\"}]}<\/script>\n<!-- \/ Yoast SEO plugin. -->","yoast_head_json":{"title":"Etusivu - Pikseli &amp; Piirros","robots":{"index":"index","follow":"follow","max-snippet":"max-snippet:-1","max-image-preview":"max-image-preview:large","max-video-preview":"max-video-preview:-1"},"canonical":"https:\/\/vst25prwp.okuserveri.com\/?page_id=15","og_locale":"fi_FI","og_type":"article","og_title":"Etusivu - Pikseli &amp; Piirros","og_description":"Koivu &amp; Kupari puusep\u00e4t K\u00e4sin tehty syd\u00e4mell\u00e4. Ota yhteytt\u00e4 Tietoa meist\u00e4 Koivu ja Kupari Puusep\u00e4t on intohimosta puuty\u00f6h\u00f6n syntynyt yritys, [&hellip;]","og_url":"https:\/\/vst25prwp.okuserveri.com\/?page_id=15","og_site_name":"Pikseli &amp; Piirros","article_modified_time":"2025-09-10T09:18:33+00:00","twitter_card":"summary_large_image","twitter_misc":{"Arvioitu lukuaika":"2 minuuttia"},"schema":{"@context":"https:\/\/schema.org","@graph":[{"@type":"WebPage","@id":"https:\/\/vst25prwp.okuserveri.com\/?page_id=15","url":"https:\/\/vst25prwp.okuserveri.com\/?page_id=15","name":"Etusivu - Pikseli &amp; Piirros","isPartOf":{"@id":"https:\/\/vst25prwp.okuserveri.com\/#website"},"datePublished":"2025-09-04T09:09:26+00:00","dateModified":"2025-09-10T09:18:33+00:00","breadcrumb":{"@id":"https:\/\/vst25prwp.okuserveri.com\/?page_id=15#breadcrumb"},"inLanguage":"fi","potentialAction":[{"@type":"ReadAction","target":["https:\/\/vst25prwp.okuserveri.com\/?page_id=15"]}]},{"@type":"BreadcrumbList","@id":"https:\/\/vst25prwp.okuserveri.com\/?page_id=15#breadcrumb","itemListElement":[{"@type":"ListItem","position":1,"name":"Etusivu","item":"https:\/\/vst25prwp.okuserveri.com\/"},{"@type":"ListItem","position":2,"name":"Etusivu"}]},{"@type":"WebSite","@id":"https:\/\/vst25prwp.okuserveri.com\/#website","url":"https:\/\/vst25prwp.okuserveri.com\/","name":"Koivu & Kupari puusep\u00e4t","description":"","potentialAction":[{"@type":"SearchAction","target":{"@type":"EntryPoint","urlTemplate":"https:\/\/vst25prwp.okuserveri.com\/?s={search_term_string}"},"query-input":{"@type":"PropertyValueSpecification","valueRequired":true,"valueName":"search_term_string"}}],"inLanguage":"fi"}]}},"_links":{"self":[{"href":"https:\/\/vst25prwp.okuserveri.com\/index.php?rest_route=\/wp\/v2\/pages\/15","targetHints":{"allow":["GET"]}}],"collection":[{"href":"https:\/\/vst25prwp.okuserveri.com\/index.php?rest_route=\/wp\/v2\/pages"}],"about":[{"href":"https:\/\/vst25prwp.okuserveri.com\/index.php?rest_route=\/wp\/v2\/types\/page"}],"author":[{"embeddable":true,"href":"https:\/\/vst25prwp.okuserveri.com\/index.php?rest_route=\/wp\/v2\/users\/1"}],"replies":[{"embeddable":true,"href":"https:\/\/vst25prwp.okuserveri.com\/index.php?rest_route=%2Fwp%2Fv2%2Fcomments&post=15"}],"version-history":[{"count":5,"href":"https:\/\/vst25prwp.okuserveri.com\/index.php?rest_route=\/wp\/v2\/pages\/15\/revisions"}],"predecessor-version":[{"id":60,"href":"https:\/\/vst25prwp.okuserveri.com\/index.php?rest_route=\/wp\/v2\/pages\/15\/revisions\/60"}],"wp:attachment":[{"href":"https:\/\/vst25prwp.okuserveri.com\/index.php?rest_route=%2Fwp%2Fv2%2Fmedia&parent=15"}],"curies":[{"name":"wp","href":"https:\/\/api.w.org\/{rel}","templated":true}]}}